{"id":2771,"date":"2024-10-28T20:45:29","date_gmt":"2024-10-28T19:45:29","guid":{"rendered":"https:\/\/bengsproducts.bizhost.nl\/?post_type=product&#038;p=2771"},"modified":"2026-03-27T13:27:41","modified_gmt":"2026-03-27T12:27:41","slug":"maandelijks-abonnement","status":"publish","type":"product","link":"https:\/\/www.bengsproducts.com\/nl\/product\/maandelijks-abonnement\/","title":{"rendered":"Maandelijks abonnement"},"content":{"rendered":"<p>E\u00e9n keer per maand wordt er een flesje Bengs Restore bij jou thuisbezorgd. Na het inschrijven doen wij de rest.<\/p>","protected":false},"excerpt":{"rendered":"<p data-start=\"84\" data-end=\"208\">E\u00e9n fles Bengs Restore wordt \u00e9\u00e9n keer per maand bij je thuis bezorgd. Nadat je je hebt ingeschreven, zorgen wij voor de rest. Je moet een account aanmaken om je in te schrijven. Met je account heb je alles onder controle: beheer of wijzig je bestellingen, werk je verzendadres en betaalmethoden bij en volg wanneer je volgende fles wordt verzonden.<\/p>","protected":false},"featured_media":19764,"comment_status":"open","ping_status":"closed","template":"","meta":{"_acf_changed":false},"product_cat":[29,27],"product_tag":[],"class_list":{"0":"post-2771","1":"product","2":"type-product","3":"status-publish","4":"has-post-thumbnail","6":"product_cat-nieuwe_bengs_producten","7":"product_cat-subscriptions","8":"product_shipping_class-shipping-class-nl","10":"first","11":"instock","12":"taxable","13":"shipping-taxable","14":"purchasable","15":"product-type-subscription"},"acf":[],"yoast_head":"<!-- This site is optimized with the Yoast SEO Premium plugin v25.7.1 (Yoast SEO v26.4) - https:\/\/yoast.com\/wordpress\/plugins\/seo\/ -->\n<title>Monthly subscription - Bengs Products<\/title>\n<meta name=\"robots\" content=\"index, follow, max-snippet:-1, max-image-preview:large, max-video-preview:-1\" \/>\n<link rel=\"canonical\" href=\"https:\/\/www.bengsproducts.com\/nl\/product\/maandelijks-abonnement\/\" \/>\n<meta property=\"og:locale\" content=\"nl_NL\" \/>\n<meta property=\"og:type\" content=\"article\" \/>\n<meta property=\"og:title\" content=\"Monthly subscription\" \/>\n<meta property=\"og:description\" content=\"One bottle of Bengs Restore will be delivered to your home once a month. After you sign up, we\u2019ll take care of the rest. You\u2019ll need to create an account to subscribe. Your account puts you in control: manage or modify your orders, update your shipping address and payment methods, and track when your next bottle will be shipped.\" \/>\n<meta property=\"og:url\" content=\"https:\/\/www.bengsproducts.com\/nl\/product\/maandelijks-abonnement\/\" \/>\n<meta property=\"og:site_name\" content=\"Bengs Products\" \/>\n<meta property=\"article:modified_time\" content=\"2026-03-27T12:27:41+00:00\" \/>\n<meta property=\"og:image\" content=\"https:\/\/www.bengsproducts.com\/wp-content\/uploads\/2024\/10\/bengs_restore.png\" \/>\n\t<meta property=\"og:image:width\" content=\"500\" \/>\n\t<meta property=\"og:image:height\" content=\"1685\" \/>\n\t<meta property=\"og:image:type\" content=\"image\/png\" \/>\n<meta name=\"twitter:card\" content=\"summary_large_image\" \/>\n<meta name=\"twitter:label1\" content=\"Geschatte leestijd\" \/>\n\t<meta name=\"twitter:data1\" content=\"1 minuut\" \/>\n<script type=\"application\/ld+json\" class=\"yoast-schema-graph\">{\"@context\":\"https:\/\/schema.org\",\"@graph\":[{\"@type\":\"WebPage\",\"@id\":\"https:\/\/www.bengsproducts.com\/product\/monthly-subscription\/\",\"url\":\"https:\/\/www.bengsproducts.com\/product\/monthly-subscription\/\",\"name\":\"Monthly subscription - Bengs Products\",\"isPartOf\":{\"@id\":\"https:\/\/www.bengsproducts.com\/#website\"},\"primaryImageOfPage\":{\"@id\":\"https:\/\/www.bengsproducts.com\/product\/monthly-subscription\/#primaryimage\"},\"image\":{\"@id\":\"https:\/\/www.bengsproducts.com\/product\/monthly-subscription\/#primaryimage\"},\"thumbnailUrl\":\"https:\/\/www.bengsproducts.com\/wp-content\/uploads\/2024\/10\/bengs_restore.png\",\"datePublished\":\"2024-10-28T19:45:29+00:00\",\"dateModified\":\"2026-03-27T12:27:41+00:00\",\"breadcrumb\":{\"@id\":\"https:\/\/www.bengsproducts.com\/product\/monthly-subscription\/#breadcrumb\"},\"inLanguage\":\"nl-NL\",\"potentialAction\":[{\"@type\":\"ReadAction\",\"target\":[\"https:\/\/www.bengsproducts.com\/product\/monthly-subscription\/\"]}]},{\"@type\":\"ImageObject\",\"inLanguage\":\"nl-NL\",\"@id\":\"https:\/\/www.bengsproducts.com\/product\/monthly-subscription\/#primaryimage\",\"url\":\"https:\/\/www.bengsproducts.com\/wp-content\/uploads\/2024\/10\/bengs_restore.png\",\"contentUrl\":\"https:\/\/www.bengsproducts.com\/wp-content\/uploads\/2024\/10\/bengs_restore.png\",\"width\":500,\"height\":1685},{\"@type\":\"BreadcrumbList\",\"@id\":\"https:\/\/www.bengsproducts.com\/product\/monthly-subscription\/#breadcrumb\",\"itemListElement\":[{\"@type\":\"ListItem\",\"position\":1,\"name\":\"Home\",\"item\":\"https:\/\/www.bengsproducts.com\/\"},{\"@type\":\"ListItem\",\"position\":2,\"name\":\"Winkel\",\"item\":\"https:\/\/www.bengsproducts.com\/winkel\/\"},{\"@type\":\"ListItem\",\"position\":3,\"name\":\"Monthly subscription\"}]},{\"@type\":\"WebSite\",\"@id\":\"https:\/\/www.bengsproducts.com\/#website\",\"url\":\"https:\/\/www.bengsproducts.com\/\",\"name\":\"Bengs Products\",\"description\":\"\",\"potentialAction\":[{\"@type\":\"SearchAction\",\"target\":{\"@type\":\"EntryPoint\",\"urlTemplate\":\"https:\/\/www.bengsproducts.com\/?s={search_term_string}\"},\"query-input\":{\"@type\":\"PropertyValueSpecification\",\"valueRequired\":true,\"valueName\":\"search_term_string\"}}],\"inLanguage\":\"nl-NL\"}]}<\/script>\n<!-- \/ Yoast SEO Premium plugin. -->","yoast_head_json":{"title":"Maandabonnement - Bengs Producten","robots":{"index":"index","follow":"follow","max-snippet":"max-snippet:-1","max-image-preview":"max-image-preview:large","max-video-preview":"max-video-preview:-1"},"canonical":"https:\/\/www.bengsproducts.com\/nl\/product\/maandelijks-abonnement\/","og_locale":"nl_NL","og_type":"article","og_title":"Monthly subscription","og_description":"One bottle of Bengs Restore will be delivered to your home once a month. After you sign up, we\u2019ll take care of the rest. You\u2019ll need to create an account to subscribe. Your account puts you in control: manage or modify your orders, update your shipping address and payment methods, and track when your next bottle will be shipped.","og_url":"https:\/\/www.bengsproducts.com\/nl\/product\/maandelijks-abonnement\/","og_site_name":"Bengs Products","article_modified_time":"2026-03-27T12:27:41+00:00","og_image":[{"width":500,"height":1685,"url":"https:\/\/www.bengsproducts.com\/wp-content\/uploads\/2024\/10\/bengs_restore.png","type":"image\/png"}],"twitter_card":"summary_large_image","twitter_misc":{"Geschatte leestijd":"1 minuut"},"schema":{"@context":"https:\/\/schema.org","@graph":[{"@type":"WebPage","@id":"https:\/\/www.bengsproducts.com\/product\/monthly-subscription\/","url":"https:\/\/www.bengsproducts.com\/product\/monthly-subscription\/","name":"Maandabonnement - Bengs Producten","isPartOf":{"@id":"https:\/\/www.bengsproducts.com\/#website"},"primaryImageOfPage":{"@id":"https:\/\/www.bengsproducts.com\/product\/monthly-subscription\/#primaryimage"},"image":{"@id":"https:\/\/www.bengsproducts.com\/product\/monthly-subscription\/#primaryimage"},"thumbnailUrl":"https:\/\/www.bengsproducts.com\/wp-content\/uploads\/2024\/10\/bengs_restore.png","datePublished":"2024-10-28T19:45:29+00:00","dateModified":"2026-03-27T12:27:41+00:00","breadcrumb":{"@id":"https:\/\/www.bengsproducts.com\/product\/monthly-subscription\/#breadcrumb"},"inLanguage":"nl-NL","potentialAction":[{"@type":"ReadAction","target":["https:\/\/www.bengsproducts.com\/product\/monthly-subscription\/"]}]},{"@type":"ImageObject","inLanguage":"nl-NL","@id":"https:\/\/www.bengsproducts.com\/product\/monthly-subscription\/#primaryimage","url":"https:\/\/www.bengsproducts.com\/wp-content\/uploads\/2024\/10\/bengs_restore.png","contentUrl":"https:\/\/www.bengsproducts.com\/wp-content\/uploads\/2024\/10\/bengs_restore.png","width":500,"height":1685},{"@type":"BreadcrumbList","@id":"https:\/\/www.bengsproducts.com\/product\/monthly-subscription\/#breadcrumb","itemListElement":[{"@type":"ListItem","position":1,"name":"Home","item":"https:\/\/www.bengsproducts.com\/"},{"@type":"ListItem","position":2,"name":"Winkel","item":"https:\/\/www.bengsproducts.com\/winkel\/"},{"@type":"ListItem","position":3,"name":"Monthly subscription"}]},{"@type":"WebSite","@id":"https:\/\/www.bengsproducts.com\/#website","url":"https:\/\/www.bengsproducts.com\/","name":"Bengs producten","description":"","potentialAction":[{"@type":"SearchAction","target":{"@type":"EntryPoint","urlTemplate":"https:\/\/www.bengsproducts.com\/?s={search_term_string}"},"query-input":{"@type":"PropertyValueSpecification","valueRequired":true,"valueName":"search_term_string"}}],"inLanguage":"nl-NL"}]}},"gallery_images":[],"jetpack_sharing_enabled":true,"_links":{"self":[{"href":"https:\/\/www.bengsproducts.com\/nl\/wp-json\/wp\/v2\/product\/2771","targetHints":{"allow":["GET"]}}],"collection":[{"href":"https:\/\/www.bengsproducts.com\/nl\/wp-json\/wp\/v2\/product"}],"about":[{"href":"https:\/\/www.bengsproducts.com\/nl\/wp-json\/wp\/v2\/types\/product"}],"replies":[{"embeddable":true,"href":"https:\/\/www.bengsproducts.com\/nl\/wp-json\/wp\/v2\/comments?post=2771"}],"wp:featuredmedia":[{"embeddable":true,"href":"https:\/\/www.bengsproducts.com\/nl\/wp-json\/wp\/v2\/media\/19764"}],"wp:attachment":[{"href":"https:\/\/www.bengsproducts.com\/nl\/wp-json\/wp\/v2\/media?parent=2771"}],"wp:term":[{"taxonomy":"product_cat","embeddable":true,"href":"https:\/\/www.bengsproducts.com\/nl\/wp-json\/wp\/v2\/product_cat?post=2771"},{"taxonomy":"product_tag","embeddable":true,"href":"https:\/\/www.bengsproducts.com\/nl\/wp-json\/wp\/v2\/product_tag?post=2771"}],"curies":[{"name":"wp","href":"https:\/\/api.w.org\/{rel}","templated":true}]}}