{"id":21938,"date":"2026-02-03T09:03:41","date_gmt":"2026-02-03T08:03:41","guid":{"rendered":"https:\/\/www.bengsproducts.com\/?post_type=product&#038;p=21938"},"modified":"2026-04-29T17:31:19","modified_gmt":"2026-04-29T15:31:19","slug":"be-light","status":"publish","type":"product","link":"https:\/\/www.bengsproducts.com\/de\/product\/be-light\/","title":{"rendered":"Be Light"},"content":{"rendered":"<p>Diese limitierte Ausgabe besteht aus nur 100 sorgf\u00e4ltig vorbereiteten Sets.<\/p>\n<p><strong>Fu\u00dfzeile Recht &amp; Vertrauen<\/strong><\/p>\n<p>Be Light ist kein Medikament. Es unterst\u00fctzt einen bewussten Lebensstil. Individuelle Erfahrungen und Ergebnisse k\u00f6nnen variieren.<\/p>\n<p><strong>Pilotstudie<\/strong><\/p>\n<p><strong><a href=\"https:\/\/www.bengsproducts.com\/assets\/files\/bengs_light_pilot_study.pdf\" target=\"_blank\" rel=\"noopener\">Klicken Sie hier<\/a><\/strong> um unsere Pilotstudie \u00fcber die Auswirkungen von Be Light auf Gewichtsverlust, Appetit und Wohlbefinden zu lesen.<\/p>","protected":false},"excerpt":{"rendered":"<p><strong>Seien Sie der Erste, der \"Be Light, Feel the Shift\" erlebt.<\/strong><\/p>\n<p>&nbsp;<\/p>\n<p><strong>Exklusiver Zugang<\/strong><\/p>\n<p>Nur f\u00fcr unsere Gemeinschaft verf\u00fcgbar.<br \/>\nBegrenzt auf 100 Kunden in den USA und 100 in Europa.<\/p>\n<p>&nbsp;<\/p>\n<p><strong>Was es ist<\/strong><\/p>\n<p>Ein neu formuliertes Produkt, das als Reaktion auf eine Kundennachfrage entwickelt wurde.<br \/>\nEin sanfter K\u00f6rper-Reset zur Unterst\u00fctzung:<\/p>\n<ul>\n<li>eine R\u00fcckkehr zu Ihrem nat\u00fcrlichen Idealgewicht<\/li>\n<li>weniger Hei\u00dfhunger<\/li>\n<\/ul>\n<p>&nbsp;<\/p>\n<p><strong>Warum wir das gemacht haben<\/strong><\/p>\n<p>Die Leute fragten uns, ob wir etwas f\u00fcr den K\u00f6rper machen k\u00f6nnten.<\/p>\n<p>&nbsp;<\/p>\n<p><strong>Be Light wurde entwickelt, um innere Ruhe und nat\u00fcrliche Selbstregulierung zu f\u00f6rdern.<\/strong><\/p>\n<p>Bei der ersten Nutzung fiel vielen Teilnehmern etwas Interessantes auf.<\/p>\n<p>Ihr Verh\u00e4ltnis zum Essen begann sich zu ver\u00e4ndern.<\/p>\n<p>Der Hei\u00dfhunger war weniger stark.<br \/>\nAus einem Impuls wurde eine Entscheidung.<br \/>\nDie Essgewohnheiten \u00e4nderten sich, nicht mit Gewalt, sondern mit Leichtigkeit.<\/p>\n<p>Die meisten Anwender berichteten, dass sie dadurch Gewicht verloren haben.<\/p>\n<p>&nbsp;<\/p>\n<p><strong>Warum wir Ihnen das jetzt sagen<\/strong><\/p>\n<ol>\n<li>Denn die Leute, denen wir davon erz\u00e4hlten, fragten uns immer wieder, ob sie auch eine Flasche f\u00fcr ihren Bruder, ihre Schwester, ihre Frau... oder sich selbst bekommen k\u00f6nnten.<\/li>\n<li>Denn ein neues Jahr ist der perfekte Anfang f\u00fcr ein neues Ich.<\/li>\n<li>Weil wir etwas Besonderes f\u00fcr unsere Gemeinschaft tun wollten.<\/li>\n<\/ol>\n<p>&nbsp;<\/p>\n<p><strong>Be Light ist noch nicht f\u00fcr die breite \u00d6ffentlichkeit zug\u00e4nglich.<\/strong><\/p>\n<p>&nbsp;<\/p>\n<p>Was macht Bengs Light anders?<\/p>","protected":false},"featured_media":21917,"comment_status":"open","ping_status":"closed","template":"","meta":{"_acf_changed":false},"product_cat":[30],"product_tag":[],"class_list":{"0":"post-21938","1":"product","2":"type-product","3":"status-publish","4":"has-post-thumbnail","6":"product_cat-be-light","7":"product_shipping_class-shipping-class-nl","9":"first","10":"instock","11":"taxable","12":"shipping-taxable","13":"purchasable","14":"product-type-variable"},"acf":[],"yoast_head":"<!-- This site is optimized with the Yoast SEO Premium plugin v25.7.1 (Yoast SEO v26.4) - https:\/\/yoast.com\/wordpress\/plugins\/seo\/ -->\n<title>Be Light - Bengs Products<\/title>\n<meta name=\"robots\" content=\"index, follow, max-snippet:-1, max-image-preview:large, max-video-preview:-1\" \/>\n<link rel=\"canonical\" href=\"https:\/\/www.bengsproducts.com\/de\/product\/be-light\/\" \/>\n<meta property=\"og:locale\" content=\"de_DE\" \/>\n<meta property=\"og:type\" content=\"article\" \/>\n<meta property=\"og:title\" content=\"Be Light\" \/>\n<meta property=\"og:description\" content=\"Be the first to experience Be Light, Feel the Shift.  &nbsp;  Exclusive access  Only available to our community. Limited to 100 customers in the US and 100 in Europe.  &nbsp;  What it is  A newly formulated product, created in response to customer demand. A gentle body reset designed to support:   a return toward your natural, ideal weight  fewer cravings  &nbsp;  Why we made this  People asked us if we could make something supportive for the body.  &nbsp;  Be Light was developed to support inner calm and natural self-regulation.  During early use, many participants noticed something interesting.  Their relationship with food began to shift.  Cravings felt less intense. Impulse became choice. Eating patterns changed, not through force, but through ease.  Most users reported weight loss as a result.  &nbsp;  Why we\u2019re telling you this now   Because people who we told about it kept asking us if they could also get a bottle for their brother, sister, wife\u2026 or themself.  Because a New Year is the perfect beginning of the new you.  Because we wanted to do something special for our community.  &nbsp;  Be Light is not available to the general public yet.  &nbsp;  What makes Bengs Light different?\" \/>\n<meta property=\"og:url\" content=\"https:\/\/www.bengsproducts.com\/de\/product\/be-light\/\" \/>\n<meta property=\"og:site_name\" content=\"Bengs Products\" \/>\n<meta property=\"article:modified_time\" content=\"2026-04-29T15:31:19+00:00\" \/>\n<meta property=\"og:image\" content=\"https:\/\/www.bengsproducts.com\/wp-content\/uploads\/2026\/01\/be_light_prod.jpg\" \/>\n\t<meta property=\"og:image:width\" content=\"605\" \/>\n\t<meta property=\"og:image:height\" content=\"697\" \/>\n\t<meta property=\"og:image:type\" content=\"image\/jpeg\" \/>\n<meta name=\"twitter:card\" content=\"summary_large_image\" \/>\n<meta name=\"twitter:label1\" content=\"Gesch\u00e4tzte Lesezeit\" \/>\n\t<meta name=\"twitter:data1\" content=\"1\u00a0Minute\" \/>\n<script type=\"application\/ld+json\" class=\"yoast-schema-graph\">{\"@context\":\"https:\/\/schema.org\",\"@graph\":[{\"@type\":\"WebPage\",\"@id\":\"https:\/\/www.bengsproducts.com\/product\/be-light\/\",\"url\":\"https:\/\/www.bengsproducts.com\/product\/be-light\/\",\"name\":\"Be Light - Bengs Products\",\"isPartOf\":{\"@id\":\"https:\/\/www.bengsproducts.com\/#website\"},\"primaryImageOfPage\":{\"@id\":\"https:\/\/www.bengsproducts.com\/product\/be-light\/#primaryimage\"},\"image\":{\"@id\":\"https:\/\/www.bengsproducts.com\/product\/be-light\/#primaryimage\"},\"thumbnailUrl\":\"https:\/\/www.bengsproducts.com\/wp-content\/uploads\/2026\/01\/be_light_prod.jpg\",\"datePublished\":\"2026-02-03T08:03:41+00:00\",\"dateModified\":\"2026-04-29T15:31:19+00:00\",\"breadcrumb\":{\"@id\":\"https:\/\/www.bengsproducts.com\/product\/be-light\/#breadcrumb\"},\"inLanguage\":\"de\",\"potentialAction\":[{\"@type\":\"ReadAction\",\"target\":[\"https:\/\/www.bengsproducts.com\/product\/be-light\/\"]}]},{\"@type\":\"ImageObject\",\"inLanguage\":\"de\",\"@id\":\"https:\/\/www.bengsproducts.com\/product\/be-light\/#primaryimage\",\"url\":\"https:\/\/www.bengsproducts.com\/wp-content\/uploads\/2026\/01\/be_light_prod.jpg\",\"contentUrl\":\"https:\/\/www.bengsproducts.com\/wp-content\/uploads\/2026\/01\/be_light_prod.jpg\",\"width\":605,\"height\":697},{\"@type\":\"BreadcrumbList\",\"@id\":\"https:\/\/www.bengsproducts.com\/product\/be-light\/#breadcrumb\",\"itemListElement\":[{\"@type\":\"ListItem\",\"position\":1,\"name\":\"Home\",\"item\":\"https:\/\/www.bengsproducts.com\/\"},{\"@type\":\"ListItem\",\"position\":2,\"name\":\"Winkel\",\"item\":\"https:\/\/www.bengsproducts.com\/winkel\/\"},{\"@type\":\"ListItem\",\"position\":3,\"name\":\"Be Light\"}]},{\"@type\":\"WebSite\",\"@id\":\"https:\/\/www.bengsproducts.com\/#website\",\"url\":\"https:\/\/www.bengsproducts.com\/\",\"name\":\"Bengs Products\",\"description\":\"\",\"potentialAction\":[{\"@type\":\"SearchAction\",\"target\":{\"@type\":\"EntryPoint\",\"urlTemplate\":\"https:\/\/www.bengsproducts.com\/?s={search_term_string}\"},\"query-input\":{\"@type\":\"PropertyValueSpecification\",\"valueRequired\":true,\"valueName\":\"search_term_string\"}}],\"inLanguage\":\"de\"}]}<\/script>\n<!-- \/ Yoast SEO Premium plugin. -->","yoast_head_json":{"title":"Be Light - Bengs Products","robots":{"index":"index","follow":"follow","max-snippet":"max-snippet:-1","max-image-preview":"max-image-preview:large","max-video-preview":"max-video-preview:-1"},"canonical":"https:\/\/www.bengsproducts.com\/de\/product\/be-light\/","og_locale":"de_DE","og_type":"article","og_title":"Be Light","og_description":"Be the first to experience Be Light, Feel the Shift.  &nbsp;  Exclusive access  Only available to our community. Limited to 100 customers in the US and 100 in Europe.  &nbsp;  What it is  A newly formulated product, created in response to customer demand. A gentle body reset designed to support:   a return toward your natural, ideal weight  fewer cravings  &nbsp;  Why we made this  People asked us if we could make something supportive for the body.  &nbsp;  Be Light was developed to support inner calm and natural self-regulation.  During early use, many participants noticed something interesting.  Their relationship with food began to shift.  Cravings felt less intense. Impulse became choice. Eating patterns changed, not through force, but through ease.  Most users reported weight loss as a result.  &nbsp;  Why we\u2019re telling you this now   Because people who we told about it kept asking us if they could also get a bottle for their brother, sister, wife\u2026 or themself.  Because a New Year is the perfect beginning of the new you.  Because we wanted to do something special for our community.  &nbsp;  Be Light is not available to the general public yet.  &nbsp;  What makes Bengs Light different?","og_url":"https:\/\/www.bengsproducts.com\/de\/product\/be-light\/","og_site_name":"Bengs Products","article_modified_time":"2026-04-29T15:31:19+00:00","og_image":[{"width":605,"height":697,"url":"https:\/\/www.bengsproducts.com\/wp-content\/uploads\/2026\/01\/be_light_prod.jpg","type":"image\/jpeg"}],"twitter_card":"summary_large_image","twitter_misc":{"Gesch\u00e4tzte Lesezeit":"1\u00a0Minute"},"schema":{"@context":"https:\/\/schema.org","@graph":[{"@type":"WebPage","@id":"https:\/\/www.bengsproducts.com\/product\/be-light\/","url":"https:\/\/www.bengsproducts.com\/product\/be-light\/","name":"Be Light - Bengs Products","isPartOf":{"@id":"https:\/\/www.bengsproducts.com\/#website"},"primaryImageOfPage":{"@id":"https:\/\/www.bengsproducts.com\/product\/be-light\/#primaryimage"},"image":{"@id":"https:\/\/www.bengsproducts.com\/product\/be-light\/#primaryimage"},"thumbnailUrl":"https:\/\/www.bengsproducts.com\/wp-content\/uploads\/2026\/01\/be_light_prod.jpg","datePublished":"2026-02-03T08:03:41+00:00","dateModified":"2026-04-29T15:31:19+00:00","breadcrumb":{"@id":"https:\/\/www.bengsproducts.com\/product\/be-light\/#breadcrumb"},"inLanguage":"de","potentialAction":[{"@type":"ReadAction","target":["https:\/\/www.bengsproducts.com\/product\/be-light\/"]}]},{"@type":"ImageObject","inLanguage":"de","@id":"https:\/\/www.bengsproducts.com\/product\/be-light\/#primaryimage","url":"https:\/\/www.bengsproducts.com\/wp-content\/uploads\/2026\/01\/be_light_prod.jpg","contentUrl":"https:\/\/www.bengsproducts.com\/wp-content\/uploads\/2026\/01\/be_light_prod.jpg","width":605,"height":697},{"@type":"BreadcrumbList","@id":"https:\/\/www.bengsproducts.com\/product\/be-light\/#breadcrumb","itemListElement":[{"@type":"ListItem","position":1,"name":"Home","item":"https:\/\/www.bengsproducts.com\/"},{"@type":"ListItem","position":2,"name":"Winkel","item":"https:\/\/www.bengsproducts.com\/winkel\/"},{"@type":"ListItem","position":3,"name":"Be Light"}]},{"@type":"WebSite","@id":"https:\/\/www.bengsproducts.com\/#website","url":"https:\/\/www.bengsproducts.com\/","name":"Bengs Produkte","description":"","potentialAction":[{"@type":"SearchAction","target":{"@type":"EntryPoint","urlTemplate":"https:\/\/www.bengsproducts.com\/?s={search_term_string}"},"query-input":{"@type":"PropertyValueSpecification","valueRequired":true,"valueName":"search_term_string"}}],"inLanguage":"de"}]}},"gallery_images":[],"jetpack_sharing_enabled":true,"_links":{"self":[{"href":"https:\/\/www.bengsproducts.com\/de\/wp-json\/wp\/v2\/product\/21938","targetHints":{"allow":["GET"]}}],"collection":[{"href":"https:\/\/www.bengsproducts.com\/de\/wp-json\/wp\/v2\/product"}],"about":[{"href":"https:\/\/www.bengsproducts.com\/de\/wp-json\/wp\/v2\/types\/product"}],"replies":[{"embeddable":true,"href":"https:\/\/www.bengsproducts.com\/de\/wp-json\/wp\/v2\/comments?post=21938"}],"wp:featuredmedia":[{"embeddable":true,"href":"https:\/\/www.bengsproducts.com\/de\/wp-json\/wp\/v2\/media\/21917"}],"wp:attachment":[{"href":"https:\/\/www.bengsproducts.com\/de\/wp-json\/wp\/v2\/media?parent=21938"}],"wp:term":[{"taxonomy":"product_cat","embeddable":true,"href":"https:\/\/www.bengsproducts.com\/de\/wp-json\/wp\/v2\/product_cat?post=21938"},{"taxonomy":"product_tag","embeddable":true,"href":"https:\/\/www.bengsproducts.com\/de\/wp-json\/wp\/v2\/product_tag?post=21938"}],"curies":[{"name":"wp","href":"https:\/\/api.w.org\/{rel}","templated":true}]}}