{"id":19900,"date":"2024-11-05T12:41:37","date_gmt":"2024-11-05T11:41:37","guid":{"rendered":"https:\/\/bengsproducts.bizhost.nl\/?post_type=product&#038;p=19900"},"modified":"2026-03-27T13:29:39","modified_gmt":"2026-03-27T12:29:39","slug":"quartal-abonnement","status":"publish","type":"product","link":"https:\/\/www.bengsproducts.com\/de\/product\/quartal-abonnement\/","title":{"rendered":"Viertelj\u00e4hrliches Abonnement"},"content":{"rendered":"<p>Drei Flaschen Bengs Restore werden einmal pro Quartal zu Ihnen nach Hause geliefert - eine Flasche f\u00fcr jeden Monat. Bei einem viertelj\u00e4hrlichen Abonnement sparen Sie nicht nur bei jeder Flasche, sondern auch beim kostenlosen Versand.<\/p>","protected":false},"excerpt":{"rendered":"<p data-start=\"89\" data-end=\"292\">Drei Flaschen Bengs Restore werden einmal pro Quartal zu Ihnen nach Hause geliefert - eine Flasche f\u00fcr jeden Monat. Bei einem viertelj\u00e4hrlichen Abonnement sparen Sie nicht nur bei jeder Flasche, sondern erhalten auch einen kostenlosen Versand. Um ein Abonnement abzuschlie\u00dfen, m\u00fcssen Sie ein Konto einrichten. Mit Ihrem Konto haben Sie die Kontrolle: Sie k\u00f6nnen Ihre Bestellungen verwalten oder \u00e4ndern, Ihre Lieferadresse und Zahlungsweise aktualisieren und verfolgen, wann Ihre n\u00e4chsten Flaschen versandt werden.<\/p>\n<p data-start=\"294\" data-end=\"504\">","protected":false},"featured_media":20220,"comment_status":"open","ping_status":"closed","template":"","meta":{"_acf_changed":false},"product_cat":[29,27],"product_tag":[],"class_list":{"0":"post-19900","1":"product","2":"type-product","3":"status-publish","4":"has-post-thumbnail","6":"product_cat-nieuwe_bengs_producten","7":"product_cat-subscriptions","9":"first","10":"instock","11":"taxable","12":"shipping-taxable","13":"purchasable","14":"product-type-subscription"},"acf":[],"yoast_head":"<!-- This site is optimized with the Yoast SEO Premium plugin v25.7.1 (Yoast SEO v26.4) - https:\/\/yoast.com\/wordpress\/plugins\/seo\/ -->\n<title>Quarterly subscription - Bengs Products<\/title>\n<meta name=\"robots\" content=\"index, follow, max-snippet:-1, max-image-preview:large, max-video-preview:-1\" \/>\n<link rel=\"canonical\" href=\"https:\/\/www.bengsproducts.com\/de\/product\/quartal-abonnement\/\" \/>\n<meta property=\"og:locale\" content=\"de_DE\" \/>\n<meta property=\"og:type\" content=\"article\" \/>\n<meta property=\"og:title\" content=\"Quarterly subscription\" \/>\n<meta property=\"og:description\" content=\"Three bottles of Bengs Restore will be delivered to your home once per quarter \u2013 one bottle for each month. In addition to saving on each bottle, a quarterly subscription also includes free shipping. You\u2019ll need to create an account to subscribe. Your account puts you in control: manage or modify your orders, update your shipping address and payment methods, and track when your next bottles will be shipped.\" \/>\n<meta property=\"og:url\" content=\"https:\/\/www.bengsproducts.com\/de\/product\/quartal-abonnement\/\" \/>\n<meta property=\"og:site_name\" content=\"Bengs Products\" \/>\n<meta property=\"article:modified_time\" content=\"2026-03-27T12:29:39+00:00\" \/>\n<meta property=\"og:image\" content=\"https:\/\/www.bengsproducts.com\/wp-content\/uploads\/2024\/11\/subscription-1.png\" \/>\n\t<meta property=\"og:image:width\" content=\"237\" \/>\n\t<meta property=\"og:image:height\" content=\"267\" \/>\n\t<meta property=\"og:image:type\" content=\"image\/png\" \/>\n<meta name=\"twitter:card\" content=\"summary_large_image\" \/>\n<meta name=\"twitter:label1\" content=\"Gesch\u00e4tzte Lesezeit\" \/>\n\t<meta name=\"twitter:data1\" content=\"1\u00a0Minute\" \/>\n<script type=\"application\/ld+json\" class=\"yoast-schema-graph\">{\"@context\":\"https:\/\/schema.org\",\"@graph\":[{\"@type\":\"WebPage\",\"@id\":\"https:\/\/www.bengsproducts.com\/product\/quarterly-subscription\/\",\"url\":\"https:\/\/www.bengsproducts.com\/product\/quarterly-subscription\/\",\"name\":\"Quarterly subscription - Bengs Products\",\"isPartOf\":{\"@id\":\"https:\/\/www.bengsproducts.com\/#website\"},\"primaryImageOfPage\":{\"@id\":\"https:\/\/www.bengsproducts.com\/product\/quarterly-subscription\/#primaryimage\"},\"image\":{\"@id\":\"https:\/\/www.bengsproducts.com\/product\/quarterly-subscription\/#primaryimage\"},\"thumbnailUrl\":\"https:\/\/www.bengsproducts.com\/wp-content\/uploads\/2024\/11\/subscription-1.png\",\"datePublished\":\"2024-11-05T11:41:37+00:00\",\"dateModified\":\"2026-03-27T12:29:39+00:00\",\"breadcrumb\":{\"@id\":\"https:\/\/www.bengsproducts.com\/product\/quarterly-subscription\/#breadcrumb\"},\"inLanguage\":\"de\",\"potentialAction\":[{\"@type\":\"ReadAction\",\"target\":[\"https:\/\/www.bengsproducts.com\/product\/quarterly-subscription\/\"]}]},{\"@type\":\"ImageObject\",\"inLanguage\":\"de\",\"@id\":\"https:\/\/www.bengsproducts.com\/product\/quarterly-subscription\/#primaryimage\",\"url\":\"https:\/\/www.bengsproducts.com\/wp-content\/uploads\/2024\/11\/subscription-1.png\",\"contentUrl\":\"https:\/\/www.bengsproducts.com\/wp-content\/uploads\/2024\/11\/subscription-1.png\",\"width\":237,\"height\":267},{\"@type\":\"BreadcrumbList\",\"@id\":\"https:\/\/www.bengsproducts.com\/product\/quarterly-subscription\/#breadcrumb\",\"itemListElement\":[{\"@type\":\"ListItem\",\"position\":1,\"name\":\"Home\",\"item\":\"https:\/\/www.bengsproducts.com\/\"},{\"@type\":\"ListItem\",\"position\":2,\"name\":\"Winkel\",\"item\":\"https:\/\/www.bengsproducts.com\/winkel\/\"},{\"@type\":\"ListItem\",\"position\":3,\"name\":\"Quarterly subscription\"}]},{\"@type\":\"WebSite\",\"@id\":\"https:\/\/www.bengsproducts.com\/#website\",\"url\":\"https:\/\/www.bengsproducts.com\/\",\"name\":\"Bengs Products\",\"description\":\"\",\"potentialAction\":[{\"@type\":\"SearchAction\",\"target\":{\"@type\":\"EntryPoint\",\"urlTemplate\":\"https:\/\/www.bengsproducts.com\/?s={search_term_string}\"},\"query-input\":{\"@type\":\"PropertyValueSpecification\",\"valueRequired\":true,\"valueName\":\"search_term_string\"}}],\"inLanguage\":\"de\"}]}<\/script>\n<!-- \/ Yoast SEO Premium plugin. -->","yoast_head_json":{"title":"Viertelj\u00e4hrliches Abonnement - Bengs Products","robots":{"index":"index","follow":"follow","max-snippet":"max-snippet:-1","max-image-preview":"max-image-preview:large","max-video-preview":"max-video-preview:-1"},"canonical":"https:\/\/www.bengsproducts.com\/de\/product\/quartal-abonnement\/","og_locale":"de_DE","og_type":"article","og_title":"Quarterly subscription","og_description":"Three bottles of Bengs Restore will be delivered to your home once per quarter \u2013 one bottle for each month. In addition to saving on each bottle, a quarterly subscription also includes free shipping. You\u2019ll need to create an account to subscribe. Your account puts you in control: manage or modify your orders, update your shipping address and payment methods, and track when your next bottles will be shipped.","og_url":"https:\/\/www.bengsproducts.com\/de\/product\/quartal-abonnement\/","og_site_name":"Bengs Products","article_modified_time":"2026-03-27T12:29:39+00:00","og_image":[{"width":237,"height":267,"url":"https:\/\/www.bengsproducts.com\/wp-content\/uploads\/2024\/11\/subscription-1.png","type":"image\/png"}],"twitter_card":"summary_large_image","twitter_misc":{"Gesch\u00e4tzte Lesezeit":"1\u00a0Minute"},"schema":{"@context":"https:\/\/schema.org","@graph":[{"@type":"WebPage","@id":"https:\/\/www.bengsproducts.com\/product\/quarterly-subscription\/","url":"https:\/\/www.bengsproducts.com\/product\/quarterly-subscription\/","name":"Viertelj\u00e4hrliches Abonnement - Bengs Products","isPartOf":{"@id":"https:\/\/www.bengsproducts.com\/#website"},"primaryImageOfPage":{"@id":"https:\/\/www.bengsproducts.com\/product\/quarterly-subscription\/#primaryimage"},"image":{"@id":"https:\/\/www.bengsproducts.com\/product\/quarterly-subscription\/#primaryimage"},"thumbnailUrl":"https:\/\/www.bengsproducts.com\/wp-content\/uploads\/2024\/11\/subscription-1.png","datePublished":"2024-11-05T11:41:37+00:00","dateModified":"2026-03-27T12:29:39+00:00","breadcrumb":{"@id":"https:\/\/www.bengsproducts.com\/product\/quarterly-subscription\/#breadcrumb"},"inLanguage":"de","potentialAction":[{"@type":"ReadAction","target":["https:\/\/www.bengsproducts.com\/product\/quarterly-subscription\/"]}]},{"@type":"ImageObject","inLanguage":"de","@id":"https:\/\/www.bengsproducts.com\/product\/quarterly-subscription\/#primaryimage","url":"https:\/\/www.bengsproducts.com\/wp-content\/uploads\/2024\/11\/subscription-1.png","contentUrl":"https:\/\/www.bengsproducts.com\/wp-content\/uploads\/2024\/11\/subscription-1.png","width":237,"height":267},{"@type":"BreadcrumbList","@id":"https:\/\/www.bengsproducts.com\/product\/quarterly-subscription\/#breadcrumb","itemListElement":[{"@type":"ListItem","position":1,"name":"Home","item":"https:\/\/www.bengsproducts.com\/"},{"@type":"ListItem","position":2,"name":"Winkel","item":"https:\/\/www.bengsproducts.com\/winkel\/"},{"@type":"ListItem","position":3,"name":"Quarterly subscription"}]},{"@type":"WebSite","@id":"https:\/\/www.bengsproducts.com\/#website","url":"https:\/\/www.bengsproducts.com\/","name":"Bengs Produkte","description":"","potentialAction":[{"@type":"SearchAction","target":{"@type":"EntryPoint","urlTemplate":"https:\/\/www.bengsproducts.com\/?s={search_term_string}"},"query-input":{"@type":"PropertyValueSpecification","valueRequired":true,"valueName":"search_term_string"}}],"inLanguage":"de"}]}},"gallery_images":[20219],"jetpack_sharing_enabled":true,"_links":{"self":[{"href":"https:\/\/www.bengsproducts.com\/de\/wp-json\/wp\/v2\/product\/19900","targetHints":{"allow":["GET"]}}],"collection":[{"href":"https:\/\/www.bengsproducts.com\/de\/wp-json\/wp\/v2\/product"}],"about":[{"href":"https:\/\/www.bengsproducts.com\/de\/wp-json\/wp\/v2\/types\/product"}],"replies":[{"embeddable":true,"href":"https:\/\/www.bengsproducts.com\/de\/wp-json\/wp\/v2\/comments?post=19900"}],"wp:featuredmedia":[{"embeddable":true,"href":"https:\/\/www.bengsproducts.com\/de\/wp-json\/wp\/v2\/media\/20220"}],"wp:attachment":[{"href":"https:\/\/www.bengsproducts.com\/de\/wp-json\/wp\/v2\/media?parent=19900"}],"wp:term":[{"taxonomy":"product_cat","embeddable":true,"href":"https:\/\/www.bengsproducts.com\/de\/wp-json\/wp\/v2\/product_cat?post=19900"},{"taxonomy":"product_tag","embeddable":true,"href":"https:\/\/www.bengsproducts.com\/de\/wp-json\/wp\/v2\/product_tag?post=19900"}],"curies":[{"name":"wp","href":"https:\/\/api.w.org\/{rel}","templated":true}]}}