{"id":19745,"date":"2024-10-29T10:37:53","date_gmt":"2024-10-29T09:37:53","guid":{"rendered":"https:\/\/bengsproducts.bizhost.nl\/?post_type=product&#038;p=19745"},"modified":"2026-03-27T11:03:11","modified_gmt":"2026-03-27T10:03:11","slug":"bengs-glow","status":"publish","type":"product","link":"https:\/\/www.bengsproducts.com\/de\/product\/bengs-glow\/","title":{"rendered":"Bengs Glow"},"content":{"rendered":"<p><strong>Bengs Glow Informed Water<\/strong>\u00a0f\u00fcr\u00a0<strong>Anti-Aging<\/strong> basiert auf der Wirkung von S-Acetyl-L-Glutathion. Glutathion wird auch als das st\u00e4rkste Entgiftungsmittel des K\u00f6rpers und als Binder von Schwermetallen bezeichnet. Es ist auch das wichtigste Antioxidans. Es bindet Giftstoffe und entfernt sie aus dem K\u00f6rper. Glutathion sch\u00fctzt die K\u00f6rperzellen und stoppt die durch Schadstoffe verursachten Sch\u00e4den. Glutathion sch\u00fctzt unsere Zellen vor Sch\u00e4den, Alterung und Krankheit. Glutathion wird auch als die Mutter aller Antioxidantien bezeichnet.<\/p>\n<p>Glutathion kommt in drei Formen vor: S-Acetylglutathion, reduziertes Glutathion und Glutathiondisulfid (oxidierte Form). Glutathion kann schwer absorbiert werden. Deshalb ist es am besten, die Form S-Acetylglutathion zu verwenden, um den Glutathionspiegel zu erh\u00f6hen.<\/p>\n<p><strong>Wie zu verwenden:\u00a0<\/strong>Bengs Glow ist f\u00fcr den t\u00e4glichen Gebrauch bestimmt.<\/p>","protected":false},"excerpt":{"rendered":"<p><strong>Erhalte strahlende, jugendliche Haut ganz nat\u00fcrlich!<\/strong><\/p>\n<p>&nbsp;<\/p>\n<p>Haben Sie genug von fahler, alternder Haut? Bengs Glow <strong data-start=\"637\" data-end=\"653\">\u00fcberl\u00e4dt<\/strong> die Abwehrkr\u00e4fte Ihres K\u00f6rpers gegen Falten, Toxine und Zellsch\u00e4den. F\u00fchlen Sie sich frischer, sehen Sie j\u00fcnger aus und strahlen Sie von innen heraus, beginnen Sie <strong data-start=\"784\" data-end=\"794\">heute!<\/strong><\/p>\n<p>&nbsp;<\/p>\n<p>K\u00fcrzlich hat unser innovatives Produkt Bengs Glow einen Durchbruch erzielt: sichtbare Reduzierung von Falten und messbare Verbesserungen der Hautgesundheit.\n\nDas geht weit \u00fcber Hautpflege hinaus. Es ist ein greifbarer Beweis f\u00fcr die Kraft von informiertem Wasser \u2013 eine Technologie, die Sch\u00f6nheit von innen unterst\u00fctzt und nach au\u00dfen sichtbar macht.\n\nErleben Sie selbst das Strahlen einer Haut voller Vitalit\u00e4t.<\/p>","protected":false},"featured_media":19761,"comment_status":"open","ping_status":"closed","template":"","meta":{"_acf_changed":false},"product_cat":[29,26],"product_tag":[],"class_list":{"0":"post-19745","1":"product","2":"type-product","3":"status-publish","4":"has-post-thumbnail","6":"product_cat-nieuwe_bengs_producten","7":"product_cat-our-products","8":"product_shipping_class-shipping-class-nl","10":"first","11":"instock","12":"taxable","13":"shipping-taxable","14":"purchasable","15":"product-type-simple"},"acf":[],"yoast_head":"<!-- This site is optimized with the Yoast SEO Premium plugin v25.7.1 (Yoast SEO v26.4) - https:\/\/yoast.com\/wordpress\/plugins\/seo\/ -->\n<title>Bengs Glow - Bengs Products<\/title>\n<meta name=\"robots\" content=\"index, follow, max-snippet:-1, max-image-preview:large, max-video-preview:-1\" \/>\n<link rel=\"canonical\" href=\"https:\/\/www.bengsproducts.com\/de\/product\/bengs-glow\/\" \/>\n<meta property=\"og:locale\" content=\"de_DE\" \/>\n<meta property=\"og:type\" content=\"article\" \/>\n<meta property=\"og:title\" content=\"Bengs Glow\" \/>\n<meta property=\"og:description\" content=\"Get Radiant, Youthful Skin, Naturally!  &nbsp;  Tired of dull, aging skin? Bengs Glow supercharges your body\u2019s defenses against wrinkles, toxins, and cell damage. Feel fresher, look younger, and glow from the inside out, starting today!  &nbsp;  Recently, our innovative product Bengs Glow has delivered a revelation: measurable improvements in skin health and a visible reduction in wrinkles. These results are more than just skincare, they\u2019re tangible evidence of the power of informed water.\" \/>\n<meta property=\"og:url\" content=\"https:\/\/www.bengsproducts.com\/de\/product\/bengs-glow\/\" \/>\n<meta property=\"og:site_name\" content=\"Bengs Products\" \/>\n<meta property=\"article:modified_time\" content=\"2026-03-27T10:03:11+00:00\" \/>\n<meta property=\"og:image\" content=\"https:\/\/www.bengsproducts.com\/wp-content\/uploads\/2024\/10\/bengs_glow.png\" \/>\n\t<meta property=\"og:image:width\" content=\"500\" \/>\n\t<meta property=\"og:image:height\" content=\"1685\" \/>\n\t<meta property=\"og:image:type\" content=\"image\/png\" \/>\n<meta name=\"twitter:card\" content=\"summary_large_image\" \/>\n<meta name=\"twitter:label1\" content=\"Gesch\u00e4tzte Lesezeit\" \/>\n\t<meta name=\"twitter:data1\" content=\"1\u00a0Minute\" \/>\n<script type=\"application\/ld+json\" class=\"yoast-schema-graph\">{\"@context\":\"https:\/\/schema.org\",\"@graph\":[{\"@type\":\"WebPage\",\"@id\":\"https:\/\/www.bengsproducts.com\/product\/bengs-glow\/\",\"url\":\"https:\/\/www.bengsproducts.com\/product\/bengs-glow\/\",\"name\":\"Bengs Glow - Bengs Products\",\"isPartOf\":{\"@id\":\"https:\/\/www.bengsproducts.com\/#website\"},\"primaryImageOfPage\":{\"@id\":\"https:\/\/www.bengsproducts.com\/product\/bengs-glow\/#primaryimage\"},\"image\":{\"@id\":\"https:\/\/www.bengsproducts.com\/product\/bengs-glow\/#primaryimage\"},\"thumbnailUrl\":\"https:\/\/www.bengsproducts.com\/wp-content\/uploads\/2024\/10\/bengs_glow.png\",\"datePublished\":\"2024-10-29T09:37:53+00:00\",\"dateModified\":\"2026-03-27T10:03:11+00:00\",\"breadcrumb\":{\"@id\":\"https:\/\/www.bengsproducts.com\/product\/bengs-glow\/#breadcrumb\"},\"inLanguage\":\"de\",\"potentialAction\":[{\"@type\":\"ReadAction\",\"target\":[\"https:\/\/www.bengsproducts.com\/product\/bengs-glow\/\"]}]},{\"@type\":\"ImageObject\",\"inLanguage\":\"de\",\"@id\":\"https:\/\/www.bengsproducts.com\/product\/bengs-glow\/#primaryimage\",\"url\":\"https:\/\/www.bengsproducts.com\/wp-content\/uploads\/2024\/10\/bengs_glow.png\",\"contentUrl\":\"https:\/\/www.bengsproducts.com\/wp-content\/uploads\/2024\/10\/bengs_glow.png\",\"width\":500,\"height\":1685},{\"@type\":\"BreadcrumbList\",\"@id\":\"https:\/\/www.bengsproducts.com\/product\/bengs-glow\/#breadcrumb\",\"itemListElement\":[{\"@type\":\"ListItem\",\"position\":1,\"name\":\"Home\",\"item\":\"https:\/\/www.bengsproducts.com\/\"},{\"@type\":\"ListItem\",\"position\":2,\"name\":\"Winkel\",\"item\":\"https:\/\/www.bengsproducts.com\/winkel\/\"},{\"@type\":\"ListItem\",\"position\":3,\"name\":\"Bengs Glow\"}]},{\"@type\":\"WebSite\",\"@id\":\"https:\/\/www.bengsproducts.com\/#website\",\"url\":\"https:\/\/www.bengsproducts.com\/\",\"name\":\"Bengs Products\",\"description\":\"\",\"potentialAction\":[{\"@type\":\"SearchAction\",\"target\":{\"@type\":\"EntryPoint\",\"urlTemplate\":\"https:\/\/www.bengsproducts.com\/?s={search_term_string}\"},\"query-input\":{\"@type\":\"PropertyValueSpecification\",\"valueRequired\":true,\"valueName\":\"search_term_string\"}}],\"inLanguage\":\"de\"}]}<\/script>\n<!-- \/ Yoast SEO Premium plugin. -->","yoast_head_json":{"title":"Bengs Glow - Bengs Produkte","robots":{"index":"index","follow":"follow","max-snippet":"max-snippet:-1","max-image-preview":"max-image-preview:large","max-video-preview":"max-video-preview:-1"},"canonical":"https:\/\/www.bengsproducts.com\/de\/product\/bengs-glow\/","og_locale":"de_DE","og_type":"article","og_title":"Bengs Glow","og_description":"Get Radiant, Youthful Skin, Naturally!  &nbsp;  Tired of dull, aging skin? Bengs Glow supercharges your body\u2019s defenses against wrinkles, toxins, and cell damage. Feel fresher, look younger, and glow from the inside out, starting today!  &nbsp;  Recently, our innovative product Bengs Glow has delivered a revelation: measurable improvements in skin health and a visible reduction in wrinkles. These results are more than just skincare, they\u2019re tangible evidence of the power of informed water.","og_url":"https:\/\/www.bengsproducts.com\/de\/product\/bengs-glow\/","og_site_name":"Bengs Products","article_modified_time":"2026-03-27T10:03:11+00:00","og_image":[{"width":500,"height":1685,"url":"https:\/\/www.bengsproducts.com\/wp-content\/uploads\/2024\/10\/bengs_glow.png","type":"image\/png"}],"twitter_card":"summary_large_image","twitter_misc":{"Gesch\u00e4tzte Lesezeit":"1\u00a0Minute"},"schema":{"@context":"https:\/\/schema.org","@graph":[{"@type":"WebPage","@id":"https:\/\/www.bengsproducts.com\/product\/bengs-glow\/","url":"https:\/\/www.bengsproducts.com\/product\/bengs-glow\/","name":"Bengs Glow - Bengs Produkte","isPartOf":{"@id":"https:\/\/www.bengsproducts.com\/#website"},"primaryImageOfPage":{"@id":"https:\/\/www.bengsproducts.com\/product\/bengs-glow\/#primaryimage"},"image":{"@id":"https:\/\/www.bengsproducts.com\/product\/bengs-glow\/#primaryimage"},"thumbnailUrl":"https:\/\/www.bengsproducts.com\/wp-content\/uploads\/2024\/10\/bengs_glow.png","datePublished":"2024-10-29T09:37:53+00:00","dateModified":"2026-03-27T10:03:11+00:00","breadcrumb":{"@id":"https:\/\/www.bengsproducts.com\/product\/bengs-glow\/#breadcrumb"},"inLanguage":"de","potentialAction":[{"@type":"ReadAction","target":["https:\/\/www.bengsproducts.com\/product\/bengs-glow\/"]}]},{"@type":"ImageObject","inLanguage":"de","@id":"https:\/\/www.bengsproducts.com\/product\/bengs-glow\/#primaryimage","url":"https:\/\/www.bengsproducts.com\/wp-content\/uploads\/2024\/10\/bengs_glow.png","contentUrl":"https:\/\/www.bengsproducts.com\/wp-content\/uploads\/2024\/10\/bengs_glow.png","width":500,"height":1685},{"@type":"BreadcrumbList","@id":"https:\/\/www.bengsproducts.com\/product\/bengs-glow\/#breadcrumb","itemListElement":[{"@type":"ListItem","position":1,"name":"Home","item":"https:\/\/www.bengsproducts.com\/"},{"@type":"ListItem","position":2,"name":"Winkel","item":"https:\/\/www.bengsproducts.com\/winkel\/"},{"@type":"ListItem","position":3,"name":"Bengs Glow"}]},{"@type":"WebSite","@id":"https:\/\/www.bengsproducts.com\/#website","url":"https:\/\/www.bengsproducts.com\/","name":"Bengs Produkte","description":"","potentialAction":[{"@type":"SearchAction","target":{"@type":"EntryPoint","urlTemplate":"https:\/\/www.bengsproducts.com\/?s={search_term_string}"},"query-input":{"@type":"PropertyValueSpecification","valueRequired":true,"valueName":"search_term_string"}}],"inLanguage":"de"}]}},"gallery_images":[19761],"jetpack_sharing_enabled":true,"_links":{"self":[{"href":"https:\/\/www.bengsproducts.com\/de\/wp-json\/wp\/v2\/product\/19745","targetHints":{"allow":["GET"]}}],"collection":[{"href":"https:\/\/www.bengsproducts.com\/de\/wp-json\/wp\/v2\/product"}],"about":[{"href":"https:\/\/www.bengsproducts.com\/de\/wp-json\/wp\/v2\/types\/product"}],"replies":[{"embeddable":true,"href":"https:\/\/www.bengsproducts.com\/de\/wp-json\/wp\/v2\/comments?post=19745"}],"wp:featuredmedia":[{"embeddable":true,"href":"https:\/\/www.bengsproducts.com\/de\/wp-json\/wp\/v2\/media\/19761"}],"wp:attachment":[{"href":"https:\/\/www.bengsproducts.com\/de\/wp-json\/wp\/v2\/media?parent=19745"}],"wp:term":[{"taxonomy":"product_cat","embeddable":true,"href":"https:\/\/www.bengsproducts.com\/de\/wp-json\/wp\/v2\/product_cat?post=19745"},{"taxonomy":"product_tag","embeddable":true,"href":"https:\/\/www.bengsproducts.com\/de\/wp-json\/wp\/v2\/product_tag?post=19745"}],"curies":[{"name":"wp","href":"https:\/\/api.w.org\/{rel}","templated":true}]}}